{"id":134,"date":"2010-12-24T01:11:07","date_gmt":"2010-12-24T01:11:07","guid":{"rendered":"http:\/\/www.carloscuba.com\/esp\/?page_id=134"},"modified":"2023-09-22T23:41:09","modified_gmt":"2023-09-22T23:41:09","slug":"contacto","status":"publish","type":"page","link":"http:\/\/www.carloscuba.com\/esp\/contacto\/","title":{"rendered":"Contacto"},"content":{"rendered":"<p>Si\u00e9ntete con plena libertad y confianza de enviarnos tus dudas o comentarios.<\/p>\n<p>Ser\u00e1 un placer proporcionarte m\u00e1s informaci\u00f3n sobre nuestros servicios o ayudarte con tus vacaciones en Ixtapa Zihuatanejo (hoteles, restaurantes, transporte, etc).<\/p>\n<p><strong>Carlo Scuba<\/strong><\/p>\n<p><strong>Las Gatas Beach, Zihuatanejo-Ixtapa<\/strong><\/p>\n<p><strong>M\u00e9xico<\/strong><\/p>\n<p><strong>755-115-1779<\/strong> (desde USA y Canad\u00e1 marcar primero 011 52)<\/p>\n<p><strong>Preferimos que nos comuniques por correo electr\u00f3nico o por WhatsApp ya que a menudo nos encontramos debajo el agua.<br \/>\nDale click en el icono para enviarnos un mensaje por WhatsApp<br \/>\n<a href=\"https:\/\/wa.me\/+527551151779?text=Mensaje por v\u00eda de carloscuba.com\" target=\"_blank\" rel=\"noopener\"><img decoding=\"async\" loading=\"lazy\" class=\"alignnone  wp-image-1146\" src=\"http:\/\/www.carloscuba.com\/wp-content\/uploads\/2023\/05\/icons8-whatsapp-480-187x187.png\" alt=\"WhatsApp\" width=\"50\" height=\"50\"><\/a><br \/>\n<a href=\"mailto:carloscuba@yahoo.com?subject=Solicitud por v\u00eda de carloscuba.com\">carloscuba@yahoo.com<\/a><\/strong><\/p>\n","protected":false},"excerpt":{"rendered":"<p>Si\u00e9ntete con plena libertad y confianza de enviarnos tus dudas o comentarios. Ser\u00e1 un placer proporcionarte m\u00e1s informaci\u00f3n sobre nuestros servicios o ayudarte con tus vacaciones en Ixtapa Zihuatanejo (hoteles, restaurantes, transporte, etc). Carlo Scuba Las Gatas Beach, Zihuatanejo-Ixtapa M\u00e9xico 755-115-1779 (desde USA y Canad\u00e1 marcar primero 011 52) Preferimos que nos comuniques por correo [&hellip;]<\/p>\n","protected":false},"author":2,"featured_media":0,"parent":0,"menu_order":0,"comment_status":"closed","ping_status":"closed","template":"","meta":[],"_links":{"self":[{"href":"http:\/\/www.carloscuba.com\/esp\/wp-json\/wp\/v2\/pages\/134"}],"collection":[{"href":"http:\/\/www.carloscuba.com\/esp\/wp-json\/wp\/v2\/pages"}],"about":[{"href":"http:\/\/www.carloscuba.com\/esp\/wp-json\/wp\/v2\/types\/page"}],"author":[{"embeddable":true,"href":"http:\/\/www.carloscuba.com\/esp\/wp-json\/wp\/v2\/users\/2"}],"replies":[{"embeddable":true,"href":"http:\/\/www.carloscuba.com\/esp\/wp-json\/wp\/v2\/comments?post=134"}],"version-history":[{"count":37,"href":"http:\/\/www.carloscuba.com\/esp\/wp-json\/wp\/v2\/pages\/134\/revisions"}],"predecessor-version":[{"id":1168,"href":"http:\/\/www.carloscuba.com\/esp\/wp-json\/wp\/v2\/pages\/134\/revisions\/1168"}],"wp:attachment":[{"href":"http:\/\/www.carloscuba.com\/esp\/wp-json\/wp\/v2\/media?parent=134"}],"curies":[{"name":"wp","href":"https:\/\/api.w.org\/{rel}","templated":true}]}}