{"id":123,"date":"2010-12-23T23:26:00","date_gmt":"2010-12-23T23:26:00","guid":{"rendered":"http:\/\/www.carloscuba.com\/esp\/?page_id=123"},"modified":"2023-09-28T00:20:06","modified_gmt":"2023-09-28T00:20:06","slug":"precios","status":"publish","type":"page","link":"https:\/\/www.carloscuba.com\/esp\/precios\/","title":{"rendered":"Precios"},"content":{"rendered":"<p>Te recomendamos hacer tus reservaciones con tiempo, ya sea v\u00eda <em>email<\/em> o bien por tel\u00e9fono.<\/p>\n<p>Todos nuestros precios son en <strong>d\u00f3lares americanos<\/strong>, al tipo de cambio vigente, y est\u00e1n sujetos a cambio sin previo aviso.<\/p>\n<p>Aceptamos \u00a0<img decoding=\"async\" loading=\"lazy\" class=\"alignnone size-full wp-image-784\" title=\"creditcards\" src=\"http:\/\/www.carloscuba.com\/esp\/wp-content\/uploads\/2010\/12\/creditcards.png\" alt=\"\" width=\"107\" height=\"32\" \/>.<\/p>\n<div class=\"half_page\">\n<h2 class=\"title\">Cursos que ofrecemos<\/h2>\n<div class=\"hr\"><\/div>\n<h3 class=\"hl\">Buceo Discover Scuba \/ Curso Refresher <span class=\"price\">$100<\/span><\/h3>\n<p>Curso de 3 horas que incluye:<\/p>\n<ul class=\"bullet-disc-blue\">\n<li>Clase te\u00f3rica<\/li>\n<li>Pr\u00e1ctica en aguas poco profundas<\/li>\n<li>Un buceo en el mar<\/li>\n<li>Equipo completo<\/li>\n<li>Diploma<\/li>\n<\/ul>\n<h3 class=\"hl\">Curso Scuba Diver PADI <span class=\"price\">$350<\/span><\/h3>\n<h5 class=\"hl\"><strong>*<\/strong> Si ya compraste el curso en l\u00ednea a trav\u00e9s de PADI \u2013 <span class=\"price\">$250<\/span><\/h5>\n<p>Curso de 2 horas que incluye:<\/p>\n<ul class=\"bullet-disc-blue\">\n<li>Sesiones de clase te\u00f3rica<\/li>\n<li>Sesiones en aguas confinadas<\/li>\n<li>Dos buceos en el mar<\/li>\n<li>Todo el equipo de buceo y material en-l\u00ednea<\/li>\n<li>Credencial PADI Scuba Diver<\/li>\n<\/ul>\n<h3 class=\"hl\">Curso Open Water PADI <span class=\"price\">$500<\/span><\/h3>\n<h5 class=\"hl\"><strong>*<\/strong> Si ya compraste el curso en l\u00ednea a trav\u00e9s de PADI \u2013 <span class=\"price\">$400<\/span><\/h5>\n<p>Curso de 4 d\u00edas que incluye:<\/p>\n<ul class=\"bullet-disc-blue\">\n<li>Sesiones te\u00f3ricas<\/li>\n<li>Sesiones en aguas confinadas<\/li>\n<li>4 buceos en el mar<\/li>\n<li>Todo el equipo de buceo y material en-l\u00ednea<\/li>\n<li>Credencial PADI Open Water Diver<\/li>\n<\/ul>\n<h3 class=\"hl\">Curso de Buceo Referido <span class=\"price\">$250<\/span><\/h3>\n<p>Curso de 2 d\u00edas que incuye:<\/p>\n<ul class=\"bullet-disc-blue\">\n<li>4 buceos<\/li>\n<li>Todo el equipo de buceo<\/li>\n<li>Credencial PADI Open Water Diver<\/li>\n<\/ul>\n<h3 class=\"hl\">Curso de Buceo Avanzado<br \/>\nPADI <span class=\"price\">$350<\/span><\/h3>\n<h5 class=\"hl\"><strong>*<\/strong> Si ya compraste el curso en l\u00ednea a trav\u00e9s de PADI \u2013 <span class=\"price\">$280<\/span><\/h5>\n<p>Curso de 2 a 3 d\u00edas que incluye:<\/p>\n<ul class=\"bullet-disc-blue\">\n<li>un buceo de playa (navegaci\u00f3n)<\/li>\n<li>cuatro buceos (uno profundo y 3 m\u00e1s a elegir)<\/li>\n<li>todo el equipo de buceo y material en-l\u00ednea<\/li>\n<li>Credencial PADI Advanced Open Water Diver<\/li>\n<\/ul>\n<\/div>\n<div class=\"half_page last\">\n<h2 class=\"title\"><!--more-->Buzos Certificados<\/h2>\n<div class=\"hr\"><\/div>\n<h3 class=\"hl\">Salida de buceo para una inmersi\u00f3n <span class=\"price\">$70<\/span><\/h3>\n<ul class=\"bullet-disc-blue\">\n<li>Seis a ocho buzos m\u00e1ximo<\/li>\n<li>Un buceo en embarcaci\u00f3n<\/li>\n<li>Todo el equipo de buceo y bebidas refrescantes<\/li>\n<li>Un gu\u00eda certificado PADI<\/li>\n<li><em>Si traes tu equipo propio, se te hace un descuento de $5 d\u00f3lares <\/em><\/li>\n<li><em>En caso de usar <span class=\"nitrox\">NITROX<\/span>, agregar $10 d\u00f3lares por tanque<\/em><\/li>\n<\/ul>\n<h3 class=\"hl\">Salida de buceo con dos inmersiones <span class=\"price\">$100<\/span><\/h3>\n<ul class=\"bullet-disc-blue\">\n<li>Seis a ocho buzos m\u00e1ximo<\/li>\n<li>Dos buceos en embarcaci\u00f3n<\/li>\n<li>Todo el equipo de buceo y bebidas refrescantes<\/li>\n<li>Un gu\u00eda certificado PADI<\/li>\n<li><em>Si traes tu equipo propio, se te hace un descuento de $10 d\u00f3lares <\/em><\/li>\n<li><em>Agregar $10 d\u00f3lares para ir a los Morros de Potos\u00ed (m\u00ednimo 4 personas)<\/em><\/li>\n<li><em>En caso de usar <span class=\"nitrox\">NITROX<\/span>, agregar $10 d\u00f3lares por tanque<\/em><\/li>\n<\/ul>\n<h3 class=\"hl\">Buceo Nocturno <span class=\"price\">$75<\/span><\/h3>\n<ul class=\"bullet-disc-blue\">\n<li>Cuatro buzos como m\u00ednimo<\/li>\n<li>Un buceo con embarcaci\u00f3n<\/li>\n<li>Todo el equipo, l\u00e1mparas inclu\u00eddas, bebidas refrescantes<\/li>\n<li>Un gu\u00eda certificado PADI<\/li>\n<li><em>Si traes tu equipo propio, se te hace un descuento de $5 d\u00f3lares <\/em><\/li>\n<li><em>Si traes tu propia l\u00e1mpara y pilas, se te hace un descuento de 5 d\u00f3lares.<\/em><\/li>\n<li>En caso de usar <span class=\"nitrox\">NITROX<\/span>, agregar 10 d\u00f3lares por tanque<\/li>\n<\/ul>\n<hr \/>\n<h5>Descuentos por pagar en efectivo (USD\/CAN):<br \/>\n5% para Cursos<br \/>\n10% para Inmersiones<\/h5>\n<h5><span style=\"color: #ff0000;\">Preg\u00fantanos sobre viajes privados y para descuentos por d\u00edas m\u00faltiples y por grupos.<\/span><\/h5>\n<\/div>\n<div class=\"clear\"><\/div>\n","protected":false},"excerpt":{"rendered":"<p>Te recomendamos hacer tus reservaciones con tiempo, ya sea v\u00eda email o bien por tel\u00e9fono. Todos nuestros precios son en d\u00f3lares americanos, al tipo de cambio vigente, y est\u00e1n sujetos a cambio sin previo aviso. Aceptamos \u00a0.<\/p>\n","protected":false},"author":2,"featured_media":0,"parent":0,"menu_order":0,"comment_status":"closed","ping_status":"closed","template":"","meta":[],"_links":{"self":[{"href":"https:\/\/www.carloscuba.com\/esp\/wp-json\/wp\/v2\/pages\/123"}],"collection":[{"href":"https:\/\/www.carloscuba.com\/esp\/wp-json\/wp\/v2\/pages"}],"about":[{"href":"https:\/\/www.carloscuba.com\/esp\/wp-json\/wp\/v2\/types\/page"}],"author":[{"embeddable":true,"href":"https:\/\/www.carloscuba.com\/esp\/wp-json\/wp\/v2\/users\/2"}],"replies":[{"embeddable":true,"href":"https:\/\/www.carloscuba.com\/esp\/wp-json\/wp\/v2\/comments?post=123"}],"version-history":[{"count":79,"href":"https:\/\/www.carloscuba.com\/esp\/wp-json\/wp\/v2\/pages\/123\/revisions"}],"predecessor-version":[{"id":1178,"href":"https:\/\/www.carloscuba.com\/esp\/wp-json\/wp\/v2\/pages\/123\/revisions\/1178"}],"wp:attachment":[{"href":"https:\/\/www.carloscuba.com\/esp\/wp-json\/wp\/v2\/media?parent=123"}],"curies":[{"name":"wp","href":"https:\/\/api.w.org\/{rel}","templated":true}]}}