{"id":345,"date":"2011-01-05T16:40:33","date_gmt":"2011-01-05T16:40:33","guid":{"rendered":"http:\/\/www.carloscuba.com\/esp\/?page_id=345"},"modified":"2011-12-15T03:19:34","modified_gmt":"2011-12-15T03:19:34","slug":"equipo","status":"publish","type":"page","link":"https:\/\/www.carloscuba.com\/esp\/equipo\/","title":{"rendered":"Equipo"},"content":{"rendered":"<p>Puesto que sabemos lo mucho que te interesa la seguridad y el confort, CARLO SCUBA, distribuidor de la marca Sherwood en M\u00e9xico, ofrece lo mejor en equipo de buceo. Todos nuestros reguladores Sherwood vienen equipados con octopus, man\u00f3metros y profund\u00edmetros. Nuestros chalecos compensadores son confortables, simples y f\u00e1ciles de usar. En la medida en que tu seguridad es nuestra principal  preocupaci\u00f3n, el mantenimiento de nuestro equipo es \u00f3ptimo.<br \/>\nRecuerda: <strong>Revisa tu equipo antes de cada inmersi\u00f3n!<\/strong><\/p>\n<p>Contamos adem\u00e1s con renta  de computadoras y br\u00fajulas para buceo. Asimismo, ofrecemos mantenimiento y reparaci\u00f3n de equipo de varias marcas.<\/p>\n<style type=\"text\/css\">\n\t\t\t#gallery-1 {\n\t\t\t\tmargin: auto;\n\t\t\t}\n\t\t\t#gallery-1 .gallery-item {\n\t\t\t\tfloat: left;\n\t\t\t\tmargin-top: 10px;\n\t\t\t\ttext-align: center;\n\t\t\t\twidth: 50%;\n\t\t\t}\n\t\t\t#gallery-1 img {\n\t\t\t\tborder: 2px solid #cfcfcf;\n\t\t\t}\n\t\t\t#gallery-1 .gallery-caption {\n\t\t\t\tmargin-left: 0;\n\t\t\t}\n\t\t\t\/* see gallery_shortcode() in wp-includes\/media.php *\/\n\t\t<\/style>\n<div id='gallery-1' class='gallery galleryid-345 gallery-columns-2 gallery-size-thumbnail'>\n<dl class='gallery-item'>\n<dt class='gallery-icon landscape'>\n\t\t\t\t<a href='https:\/\/www.carloscuba.com\/esp\/wp-content\/uploads\/2011\/03\/Gear-2.jpg'><img width=\"250\" height=\"160\" src=\"https:\/\/www.carloscuba.com\/esp\/wp-content\/uploads\/2011\/03\/Gear-2-250x160.jpg\" class=\"attachment-thumbnail size-thumbnail colorbox-345 \" alt=\"\" decoding=\"async\" loading=\"lazy\" srcset=\"https:\/\/www.carloscuba.com\/esp\/wp-content\/uploads\/2011\/03\/Gear-2-250x160.jpg 250w, https:\/\/www.carloscuba.com\/esp\/wp-content\/uploads\/2011\/03\/Gear-2.jpg 500w\" sizes=\"(max-width: 250px) 100vw, 250px\" \/><\/a>\n\t\t\t<\/dt>\n<\/dl>\n<dl class='gallery-item'>\n<dt class='gallery-icon landscape'>\n\t\t\t\t<a href='https:\/\/www.carloscuba.com\/esp\/wp-content\/uploads\/2011\/03\/Gear-4.jpg'><img width=\"250\" height=\"159\" src=\"https:\/\/www.carloscuba.com\/esp\/wp-content\/uploads\/2011\/03\/Gear-4-250x159.jpg\" class=\"attachment-thumbnail size-thumbnail colorbox-345 \" alt=\"\" decoding=\"async\" loading=\"lazy\" srcset=\"https:\/\/www.carloscuba.com\/esp\/wp-content\/uploads\/2011\/03\/Gear-4-250x159.jpg 250w, https:\/\/www.carloscuba.com\/esp\/wp-content\/uploads\/2011\/03\/Gear-4.jpg 500w\" sizes=\"(max-width: 250px) 100vw, 250px\" \/><\/a>\n\t\t\t<\/dt>\n<\/dl>\n<p><br style=\"clear: both\" \/><\/p>\n<dl class='gallery-item'>\n<dt class='gallery-icon landscape'>\n\t\t\t\t<a href='https:\/\/www.carloscuba.com\/esp\/wp-content\/uploads\/2011\/03\/Are-de-secado.jpg'><img width=\"250\" height=\"162\" src=\"https:\/\/www.carloscuba.com\/esp\/wp-content\/uploads\/2011\/03\/Are-de-secado-250x162.jpg\" class=\"attachment-thumbnail size-thumbnail colorbox-345 \" alt=\"\" decoding=\"async\" loading=\"lazy\" srcset=\"https:\/\/www.carloscuba.com\/esp\/wp-content\/uploads\/2011\/03\/Are-de-secado-250x162.jpg 250w, https:\/\/www.carloscuba.com\/esp\/wp-content\/uploads\/2011\/03\/Are-de-secado.jpg 800w\" sizes=\"(max-width: 250px) 100vw, 250px\" \/><\/a>\n\t\t\t<\/dt>\n<\/dl>\n<p>\t\t\t<br style='clear: both' \/>\n\t\t<\/div>\n","protected":false},"excerpt":{"rendered":"<p>Puesto que sabemos lo mucho que te interesa la seguridad y el confort, CARLO SCUBA, distribuidor de la marca Sherwood en M\u00e9xico, ofrece lo mejor en equipo de buceo. Todos nuestros reguladores Sherwood vienen equipados con octopus, man\u00f3metros y profund\u00edmetros. Nuestros chalecos compensadores son confortables, simples y f\u00e1ciles de usar. En la medida en que [&hellip;]<\/p>\n","protected":false},"author":2,"featured_media":0,"parent":0,"menu_order":0,"comment_status":"closed","ping_status":"closed","template":"","meta":[],"_links":{"self":[{"href":"https:\/\/www.carloscuba.com\/esp\/wp-json\/wp\/v2\/pages\/345"}],"collection":[{"href":"https:\/\/www.carloscuba.com\/esp\/wp-json\/wp\/v2\/pages"}],"about":[{"href":"https:\/\/www.carloscuba.com\/esp\/wp-json\/wp\/v2\/types\/page"}],"author":[{"embeddable":true,"href":"https:\/\/www.carloscuba.com\/esp\/wp-json\/wp\/v2\/users\/2"}],"replies":[{"embeddable":true,"href":"https:\/\/www.carloscuba.com\/esp\/wp-json\/wp\/v2\/comments?post=345"}],"version-history":[{"count":13,"href":"https:\/\/www.carloscuba.com\/esp\/wp-json\/wp\/v2\/pages\/345\/revisions"}],"predecessor-version":[{"id":1043,"href":"https:\/\/www.carloscuba.com\/esp\/wp-json\/wp\/v2\/pages\/345\/revisions\/1043"}],"wp:attachment":[{"href":"https:\/\/www.carloscuba.com\/esp\/wp-json\/wp\/v2\/media?parent=345"}],"curies":[{"name":"wp","href":"https:\/\/api.w.org\/{rel}","templated":true}]}}