{"id":552,"date":"2011-01-09T01:43:17","date_gmt":"2011-01-09T01:43:17","guid":{"rendered":"http:\/\/www.carloscuba.com\/esp\/?page_id=552"},"modified":"2011-12-15T03:09:15","modified_gmt":"2011-12-15T03:09:15","slug":"las-embarcaciones","status":"publish","type":"page","link":"https:\/\/www.carloscuba.com\/esp\/las-embarcaciones\/","title":{"rendered":"Las embarcaciones"},"content":{"rendered":"<p>Nuestras lanchas r\u00e1pidas est\u00e1n completamente equipadas y son manejadas por personal experimentado. Ofrecemos confort, seguridad y mucha diversi\u00f3n. Con el fin de hacer que tu experiencia de buceo sea m\u00e1s personalizada, siempre nos aseguramos de llevar peque\u00f1os grupos en cada viaje.<\/p>\n<p>En todas las salidas siempre ofrecemos bebidas -no alcoh\u00f3licas- y agua embotellada. Un botiqu\u00edn de primeros auxilios y ox\u00edgeno de emergencia siempre est\u00e1n disponibles a bordo<\/p>\n<style type=\"text\/css\">\n\t\t\t#gallery-1 {\n\t\t\t\tmargin: auto;\n\t\t\t}\n\t\t\t#gallery-1 .gallery-item {\n\t\t\t\tfloat: left;\n\t\t\t\tmargin-top: 10px;\n\t\t\t\ttext-align: center;\n\t\t\t\twidth: 50%;\n\t\t\t}\n\t\t\t#gallery-1 img {\n\t\t\t\tborder: 2px solid #cfcfcf;\n\t\t\t}\n\t\t\t#gallery-1 .gallery-caption {\n\t\t\t\tmargin-left: 0;\n\t\t\t}\n\t\t\t\/* see gallery_shortcode() in wp-includes\/media.php *\/\n\t\t<\/style>\n<div id='gallery-1' class='gallery galleryid-552 gallery-columns-2 gallery-size-thumbnail'>\n<dl class='gallery-item'>\n<dt class='gallery-icon portrait'>\n\t\t\t\t<a href='https:\/\/www.carloscuba.com\/esp\/wp-content\/uploads\/2011\/02\/Boats-2.jpg'><img width=\"127\" height=\"187\" src=\"https:\/\/www.carloscuba.com\/esp\/wp-content\/uploads\/2011\/02\/Boats-2-127x187.jpg\" class=\"attachment-thumbnail size-thumbnail colorbox-552 \" alt=\"\" decoding=\"async\" loading=\"lazy\" srcset=\"https:\/\/www.carloscuba.com\/esp\/wp-content\/uploads\/2011\/02\/Boats-2-127x187.jpg 127w, https:\/\/www.carloscuba.com\/esp\/wp-content\/uploads\/2011\/02\/Boats-2-524x768.jpg 524w, https:\/\/www.carloscuba.com\/esp\/wp-content\/uploads\/2011\/02\/Boats-2.jpg 800w\" sizes=\"(max-width: 127px) 100vw, 127px\" \/><\/a>\n\t\t\t<\/dt>\n<\/dl>\n<dl class='gallery-item'>\n<dt class='gallery-icon landscape'>\n\t\t\t\t<a href='https:\/\/www.carloscuba.com\/esp\/wp-content\/uploads\/2011\/02\/Boats-4.jpg'><img width=\"250\" height=\"165\" src=\"https:\/\/www.carloscuba.com\/esp\/wp-content\/uploads\/2011\/02\/Boats-4-250x165.jpg\" class=\"attachment-thumbnail size-thumbnail colorbox-552 \" alt=\"\" decoding=\"async\" loading=\"lazy\" srcset=\"https:\/\/www.carloscuba.com\/esp\/wp-content\/uploads\/2011\/02\/Boats-4-250x165.jpg 250w, https:\/\/www.carloscuba.com\/esp\/wp-content\/uploads\/2011\/02\/Boats-4.jpg 800w\" sizes=\"(max-width: 250px) 100vw, 250px\" \/><\/a>\n\t\t\t<\/dt>\n<\/dl>\n<p><br style=\"clear: both\" \/><\/p>\n<dl class='gallery-item'>\n<dt class='gallery-icon portrait'>\n\t\t\t\t<a href='https:\/\/www.carloscuba.com\/esp\/wp-content\/uploads\/2011\/02\/Mademoiselle-2.jpg'><img width=\"122\" height=\"187\" src=\"https:\/\/www.carloscuba.com\/esp\/wp-content\/uploads\/2011\/02\/Mademoiselle-2-122x187.jpg\" class=\"attachment-thumbnail size-thumbnail colorbox-552 \" alt=\"\" decoding=\"async\" loading=\"lazy\" srcset=\"https:\/\/www.carloscuba.com\/esp\/wp-content\/uploads\/2011\/02\/Mademoiselle-2-122x187.jpg 122w, https:\/\/www.carloscuba.com\/esp\/wp-content\/uploads\/2011\/02\/Mademoiselle-2-504x768.jpg 504w, https:\/\/www.carloscuba.com\/esp\/wp-content\/uploads\/2011\/02\/Mademoiselle-2.jpg 800w\" sizes=\"(max-width: 122px) 100vw, 122px\" \/><\/a>\n\t\t\t<\/dt>\n<\/dl>\n<dl class='gallery-item'>\n<dt class='gallery-icon landscape'>\n\t\t\t\t<a href='https:\/\/www.carloscuba.com\/esp\/wp-content\/uploads\/2011\/03\/Messie.jpg'><img width=\"250\" height=\"159\" src=\"https:\/\/www.carloscuba.com\/esp\/wp-content\/uploads\/2011\/03\/Messie-250x159.jpg\" class=\"attachment-thumbnail size-thumbnail colorbox-552 \" alt=\"\" decoding=\"async\" loading=\"lazy\" srcset=\"https:\/\/www.carloscuba.com\/esp\/wp-content\/uploads\/2011\/03\/Messie-250x159.jpg 250w, https:\/\/www.carloscuba.com\/esp\/wp-content\/uploads\/2011\/03\/Messie.jpg 943w\" sizes=\"(max-width: 250px) 100vw, 250px\" \/><\/a>\n\t\t\t<\/dt>\n<\/dl>\n<p><br style=\"clear: both\" \/><\/p>\n<dl class='gallery-item'>\n<dt class='gallery-icon portrait'>\n\t\t\t\t<a href='https:\/\/www.carloscuba.com\/esp\/wp-content\/uploads\/2010\/12\/lanchapulpo2.jpg'><img width=\"150\" height=\"150\" src=\"https:\/\/www.carloscuba.com\/esp\/wp-content\/uploads\/2010\/12\/lanchapulpo2-150x150.jpg\" class=\"attachment-thumbnail size-thumbnail colorbox-552 \" alt=\"El pulpo\" decoding=\"async\" loading=\"lazy\" \/><\/a>\n\t\t\t<\/dt>\n<\/dl>\n<p>\t\t\t<br style='clear: both' \/>\n\t\t<\/div>\n","protected":false},"excerpt":{"rendered":"<p>Nuestras lanchas r\u00e1pidas est\u00e1n completamente equipadas y son manejadas por personal experimentado. Ofrecemos confort, seguridad y mucha diversi\u00f3n. Con el fin de hacer que tu experiencia de buceo sea m\u00e1s personalizada, siempre nos aseguramos de llevar peque\u00f1os grupos en cada viaje. En todas las salidas siempre ofrecemos bebidas -no alcoh\u00f3licas- y agua embotellada. Un botiqu\u00edn [&hellip;]<\/p>\n","protected":false},"author":2,"featured_media":0,"parent":0,"menu_order":0,"comment_status":"closed","ping_status":"closed","template":"","meta":[],"_links":{"self":[{"href":"https:\/\/www.carloscuba.com\/esp\/wp-json\/wp\/v2\/pages\/552"}],"collection":[{"href":"https:\/\/www.carloscuba.com\/esp\/wp-json\/wp\/v2\/pages"}],"about":[{"href":"https:\/\/www.carloscuba.com\/esp\/wp-json\/wp\/v2\/types\/page"}],"author":[{"embeddable":true,"href":"https:\/\/www.carloscuba.com\/esp\/wp-json\/wp\/v2\/users\/2"}],"replies":[{"embeddable":true,"href":"https:\/\/www.carloscuba.com\/esp\/wp-json\/wp\/v2\/comments?post=552"}],"version-history":[{"count":22,"href":"https:\/\/www.carloscuba.com\/esp\/wp-json\/wp\/v2\/pages\/552\/revisions"}],"predecessor-version":[{"id":638,"href":"https:\/\/www.carloscuba.com\/esp\/wp-json\/wp\/v2\/pages\/552\/revisions\/638"}],"wp:attachment":[{"href":"https:\/\/www.carloscuba.com\/esp\/wp-json\/wp\/v2\/media?parent=552"}],"curies":[{"name":"wp","href":"https:\/\/api.w.org\/{rel}","templated":true}]}}