{"id":607,"date":"2011-01-09T17:49:21","date_gmt":"2011-01-09T17:49:21","guid":{"rendered":"http:\/\/www.carloscuba.com\/esp\/?page_id=607"},"modified":"2011-12-15T02:48:26","modified_gmt":"2011-12-15T02:48:26","slug":"nuestra-historia","status":"publish","type":"page","link":"https:\/\/www.carloscuba.com\/esp\/nuestra-historia\/","title":{"rendered":"Nuestra historia"},"content":{"rendered":"<p><strong>CARLO SCUBA<\/strong> empez\u00f3 sus actividades cuando <strong>Carlo Durand<\/strong>, siempre en busca de aventuras, decidi\u00f3 escapar de la vida citadina, y emprendi\u00f3 la b\u00fasqueda de un lugar m\u00e1gico para vivir su sue\u00f1o. Carlo fue un buzo pionero en los a\u00f1os 50&#8217;s y decidi\u00f3 que su lugar m\u00e1gico deb\u00eda estar lo m\u00e1s cerca posible del oc\u00e9ano y fuera de las conglomeraciones. Cuando Carlo conoci\u00f3\u00a0 playa de <strong>Las Gatas en Zihuatanejo<\/strong>, supo que ese era su lugar.\u00a0 En <strong>1962<\/strong>, inici\u00f3 su negocio de buceo, uno de los primeros centros de buceo en M\u00e9xico. Carlo vivi\u00f3 su sue\u00f1o en Las Gatas, su para\u00edso, por m\u00e1s de 20 a\u00f1os.<\/p>\n<p><strong>Jean Claude Durand<\/strong>, hijo de Carlo Durand, decidi\u00f3 continuar ese sue\u00f1o y se hizo cargo de CARLO SCUBA a principios de los a\u00f1os 80. El buceo estaba cambiando mucho en aquella \u00e9poca, y Jean Claude se aseguro de que carlo scuba cumpliera con los est\u00e1ndares de los centros de buceo PADI con el fin de hacer de la seguridad y la educaci\u00f3n\u00a0 sus objetivos primordiales. Al mismo tiempo, moderniz\u00f3 las embarcaciones y el equipo. Sus divemasters y sus instructores siguieron capacit\u00e1ndose y actualiz\u00e1ndose constantemente con la finalidad de proporcionar el servicio y seguridad que Carlo siempre promovi\u00f3.<\/p>\n<p>En los a\u00f1os 90, el hijo de Jean Claude, <strong>Thierry Durand<\/strong>, form\u00f3 parte de la aventura, trabajando al lado de su padre durante m\u00e1s de 15 a\u00f1os. A la muerte de su padre, Thierry no dud\u00f3 en continuar viviendo aquel\u00a0 viejo sue\u00f1o. Quiso que CARLO SCUBA continuara ofreciendo seguridad, servicio y diversi\u00f3n, lo cual hab\u00eda sido iniciado por su abuelo casi 50 a\u00f1os atr\u00e1s.<\/p>\n<p>Ven a visitarnos para descubrir la magia que encontraron <strong>Carlo, Jean Claude y Thierry<\/strong> en playa Las Gatas, en Zihuatanejo, desde hace tantos\u00a0 a\u00f1os. T\u00fa tambi\u00e9n te enamorar\u00e1s de este lugar.<\/p>\n<style type=\"text\/css\">\n\t\t\t#gallery-1 {\n\t\t\t\tmargin: auto;\n\t\t\t}\n\t\t\t#gallery-1 .gallery-item {\n\t\t\t\tfloat: left;\n\t\t\t\tmargin-top: 10px;\n\t\t\t\ttext-align: center;\n\t\t\t\twidth: 50%;\n\t\t\t}\n\t\t\t#gallery-1 img {\n\t\t\t\tborder: 2px solid #cfcfcf;\n\t\t\t}\n\t\t\t#gallery-1 .gallery-caption {\n\t\t\t\tmargin-left: 0;\n\t\t\t}\n\t\t\t\/* see gallery_shortcode() in wp-includes\/media.php *\/\n\t\t<\/style>\n<div id='gallery-1' class='gallery galleryid-607 gallery-columns-2 gallery-size-thumbnail'>\n<dl class='gallery-item'>\n<dt class='gallery-icon landscape'>\n\t\t\t\t<a href='https:\/\/www.carloscuba.com\/esp\/wp-content\/uploads\/2011\/03\/1.jpg'><img width=\"250\" height=\"182\" src=\"https:\/\/www.carloscuba.com\/esp\/wp-content\/uploads\/2011\/03\/1-250x182.jpg\" class=\"attachment-thumbnail size-thumbnail colorbox-607 \" alt=\"\" decoding=\"async\" loading=\"lazy\" srcset=\"https:\/\/www.carloscuba.com\/esp\/wp-content\/uploads\/2011\/03\/1-250x182.jpg 250w, https:\/\/www.carloscuba.com\/esp\/wp-content\/uploads\/2011\/03\/1.jpg 800w\" sizes=\"(max-width: 250px) 100vw, 250px\" \/><\/a>\n\t\t\t<\/dt>\n<\/dl>\n<dl class='gallery-item'>\n<dt class='gallery-icon portrait'>\n\t\t\t\t<a href='https:\/\/www.carloscuba.com\/esp\/wp-content\/uploads\/2011\/03\/1a.jpg'><img width=\"118\" height=\"187\" src=\"https:\/\/www.carloscuba.com\/esp\/wp-content\/uploads\/2011\/03\/1a-118x187.jpg\" class=\"attachment-thumbnail size-thumbnail colorbox-607 \" alt=\"\" decoding=\"async\" loading=\"lazy\" srcset=\"https:\/\/www.carloscuba.com\/esp\/wp-content\/uploads\/2011\/03\/1a-118x187.jpg 118w, https:\/\/www.carloscuba.com\/esp\/wp-content\/uploads\/2011\/03\/1a-486x768.jpg 486w, https:\/\/www.carloscuba.com\/esp\/wp-content\/uploads\/2011\/03\/1a.jpg 600w\" sizes=\"(max-width: 118px) 100vw, 118px\" \/><\/a>\n\t\t\t<\/dt>\n<\/dl>\n<p><br style=\"clear: both\" \/><\/p>\n<dl class='gallery-item'>\n<dt class='gallery-icon portrait'>\n\t\t\t\t<a href='https:\/\/www.carloscuba.com\/esp\/wp-content\/uploads\/2011\/03\/2.jpg'><img width=\"172\" height=\"187\" src=\"https:\/\/www.carloscuba.com\/esp\/wp-content\/uploads\/2011\/03\/2-172x187.jpg\" class=\"attachment-thumbnail size-thumbnail colorbox-607 \" alt=\"\" decoding=\"async\" loading=\"lazy\" srcset=\"https:\/\/www.carloscuba.com\/esp\/wp-content\/uploads\/2011\/03\/2-172x187.jpg 172w, https:\/\/www.carloscuba.com\/esp\/wp-content\/uploads\/2011\/03\/2-707x768.jpg 707w, https:\/\/www.carloscuba.com\/esp\/wp-content\/uploads\/2011\/03\/2.jpg 800w\" sizes=\"(max-width: 172px) 100vw, 172px\" \/><\/a>\n\t\t\t<\/dt>\n<\/dl>\n<dl class='gallery-item'>\n<dt class='gallery-icon landscape'>\n\t\t\t\t<a href='https:\/\/www.carloscuba.com\/esp\/wp-content\/uploads\/2011\/03\/3.jpg'><img width=\"237\" height=\"187\" src=\"https:\/\/www.carloscuba.com\/esp\/wp-content\/uploads\/2011\/03\/3-237x187.jpg\" class=\"attachment-thumbnail size-thumbnail colorbox-607 \" alt=\"\" decoding=\"async\" loading=\"lazy\" srcset=\"https:\/\/www.carloscuba.com\/esp\/wp-content\/uploads\/2011\/03\/3-237x187.jpg 237w, https:\/\/www.carloscuba.com\/esp\/wp-content\/uploads\/2011\/03\/3.jpg 800w\" sizes=\"(max-width: 237px) 100vw, 237px\" \/><\/a>\n\t\t\t<\/dt>\n<\/dl>\n<p><br style=\"clear: both\" \/><\/p>\n<dl class='gallery-item'>\n<dt class='gallery-icon landscape'>\n\t\t\t\t<a href='https:\/\/www.carloscuba.com\/esp\/wp-content\/uploads\/2011\/03\/4.jpg'><img width=\"250\" height=\"183\" src=\"https:\/\/www.carloscuba.com\/esp\/wp-content\/uploads\/2011\/03\/4-250x183.jpg\" class=\"attachment-thumbnail size-thumbnail colorbox-607 \" alt=\"\" decoding=\"async\" loading=\"lazy\" srcset=\"https:\/\/www.carloscuba.com\/esp\/wp-content\/uploads\/2011\/03\/4-250x183.jpg 250w, https:\/\/www.carloscuba.com\/esp\/wp-content\/uploads\/2011\/03\/4.jpg 800w\" sizes=\"(max-width: 250px) 100vw, 250px\" \/><\/a>\n\t\t\t<\/dt>\n<\/dl>\n<dl class='gallery-item'>\n<dt class='gallery-icon landscape'>\n\t\t\t\t<a href='https:\/\/www.carloscuba.com\/esp\/wp-content\/uploads\/2011\/03\/5.jpg'><img width=\"250\" height=\"184\" src=\"https:\/\/www.carloscuba.com\/esp\/wp-content\/uploads\/2011\/03\/5-250x184.jpg\" class=\"attachment-thumbnail size-thumbnail colorbox-607 \" alt=\"\" decoding=\"async\" loading=\"lazy\" srcset=\"https:\/\/www.carloscuba.com\/esp\/wp-content\/uploads\/2011\/03\/5-250x184.jpg 250w, https:\/\/www.carloscuba.com\/esp\/wp-content\/uploads\/2011\/03\/5.jpg 800w\" sizes=\"(max-width: 250px) 100vw, 250px\" \/><\/a>\n\t\t\t<\/dt>\n<\/dl>\n<p><br style=\"clear: both\" \/><\/p>\n<dl class='gallery-item'>\n<dt class='gallery-icon landscape'>\n\t\t\t\t<a href='https:\/\/www.carloscuba.com\/esp\/wp-content\/uploads\/2011\/03\/6.jpg'><img width=\"250\" height=\"177\" src=\"https:\/\/www.carloscuba.com\/esp\/wp-content\/uploads\/2011\/03\/6-250x177.jpg\" class=\"attachment-thumbnail size-thumbnail colorbox-607 \" alt=\"\" decoding=\"async\" loading=\"lazy\" srcset=\"https:\/\/www.carloscuba.com\/esp\/wp-content\/uploads\/2011\/03\/6-250x177.jpg 250w, https:\/\/www.carloscuba.com\/esp\/wp-content\/uploads\/2011\/03\/6.jpg 800w\" sizes=\"(max-width: 250px) 100vw, 250px\" \/><\/a>\n\t\t\t<\/dt>\n<\/dl>\n<dl class='gallery-item'>\n<dt class='gallery-icon landscape'>\n\t\t\t\t<a href='https:\/\/www.carloscuba.com\/esp\/wp-content\/uploads\/2011\/03\/7.jpg'><img width=\"198\" height=\"187\" src=\"https:\/\/www.carloscuba.com\/esp\/wp-content\/uploads\/2011\/03\/7-198x187.jpg\" class=\"attachment-thumbnail size-thumbnail colorbox-607 \" alt=\"\" decoding=\"async\" loading=\"lazy\" srcset=\"https:\/\/www.carloscuba.com\/esp\/wp-content\/uploads\/2011\/03\/7-198x187.jpg 198w, https:\/\/www.carloscuba.com\/esp\/wp-content\/uploads\/2011\/03\/7.jpg 800w\" sizes=\"(max-width: 198px) 100vw, 198px\" \/><\/a>\n\t\t\t<\/dt>\n<\/dl>\n<p><br style=\"clear: both\" \/><\/p>\n<dl class='gallery-item'>\n<dt class='gallery-icon landscape'>\n\t\t\t\t<a href='https:\/\/www.carloscuba.com\/esp\/wp-content\/uploads\/2011\/03\/7B.jpg'><img width=\"227\" height=\"187\" src=\"https:\/\/www.carloscuba.com\/esp\/wp-content\/uploads\/2011\/03\/7B-227x187.jpg\" class=\"attachment-thumbnail size-thumbnail colorbox-607 \" alt=\"\" decoding=\"async\" loading=\"lazy\" srcset=\"https:\/\/www.carloscuba.com\/esp\/wp-content\/uploads\/2011\/03\/7B-227x187.jpg 227w, https:\/\/www.carloscuba.com\/esp\/wp-content\/uploads\/2011\/03\/7B.jpg 800w\" sizes=\"(max-width: 227px) 100vw, 227px\" \/><\/a>\n\t\t\t<\/dt>\n<\/dl>\n<dl class='gallery-item'>\n<dt class='gallery-icon portrait'>\n\t\t\t\t<a href='https:\/\/www.carloscuba.com\/esp\/wp-content\/uploads\/2011\/03\/7c.jpg'><img width=\"153\" height=\"187\" src=\"https:\/\/www.carloscuba.com\/esp\/wp-content\/uploads\/2011\/03\/7c-153x187.jpg\" class=\"attachment-thumbnail size-thumbnail colorbox-607 \" alt=\"\" decoding=\"async\" loading=\"lazy\" srcset=\"https:\/\/www.carloscuba.com\/esp\/wp-content\/uploads\/2011\/03\/7c-153x187.jpg 153w, https:\/\/www.carloscuba.com\/esp\/wp-content\/uploads\/2011\/03\/7c.jpg 256w\" sizes=\"(max-width: 153px) 100vw, 153px\" \/><\/a>\n\t\t\t<\/dt>\n<\/dl>\n<p><br style=\"clear: both\" \/><\/p>\n<dl class='gallery-item'>\n<dt class='gallery-icon landscape'>\n\t\t\t\t<a href='https:\/\/www.carloscuba.com\/esp\/wp-content\/uploads\/2011\/03\/8.jpg'><img width=\"245\" height=\"187\" src=\"https:\/\/www.carloscuba.com\/esp\/wp-content\/uploads\/2011\/03\/8-245x187.jpg\" class=\"attachment-thumbnail size-thumbnail colorbox-607 \" alt=\"\" decoding=\"async\" loading=\"lazy\" srcset=\"https:\/\/www.carloscuba.com\/esp\/wp-content\/uploads\/2011\/03\/8-245x187.jpg 245w, https:\/\/www.carloscuba.com\/esp\/wp-content\/uploads\/2011\/03\/8.jpg 800w\" sizes=\"(max-width: 245px) 100vw, 245px\" \/><\/a>\n\t\t\t<\/dt>\n<\/dl>\n<p>\t\t\t<br style='clear: both' \/>\n\t\t<\/div>\n","protected":false},"excerpt":{"rendered":"<p>CARLO SCUBA empez\u00f3 sus actividades cuando Carlo Durand, siempre en busca de aventuras, decidi\u00f3 escapar de la vida citadina, y emprendi\u00f3 la b\u00fasqueda de un lugar m\u00e1gico para vivir su sue\u00f1o. Carlo fue un buzo pionero en los a\u00f1os 50&#8217;s y decidi\u00f3 que su lugar m\u00e1gico deb\u00eda estar lo m\u00e1s cerca posible del oc\u00e9ano y [&hellip;]<\/p>\n","protected":false},"author":2,"featured_media":0,"parent":0,"menu_order":0,"comment_status":"closed","ping_status":"closed","template":"","meta":[],"_links":{"self":[{"href":"https:\/\/www.carloscuba.com\/esp\/wp-json\/wp\/v2\/pages\/607"}],"collection":[{"href":"https:\/\/www.carloscuba.com\/esp\/wp-json\/wp\/v2\/pages"}],"about":[{"href":"https:\/\/www.carloscuba.com\/esp\/wp-json\/wp\/v2\/types\/page"}],"author":[{"embeddable":true,"href":"https:\/\/www.carloscuba.com\/esp\/wp-json\/wp\/v2\/users\/2"}],"replies":[{"embeddable":true,"href":"https:\/\/www.carloscuba.com\/esp\/wp-json\/wp\/v2\/comments?post=607"}],"version-history":[{"count":15,"href":"https:\/\/www.carloscuba.com\/esp\/wp-json\/wp\/v2\/pages\/607\/revisions"}],"predecessor-version":[{"id":613,"href":"https:\/\/www.carloscuba.com\/esp\/wp-json\/wp\/v2\/pages\/607\/revisions\/613"}],"wp:attachment":[{"href":"https:\/\/www.carloscuba.com\/esp\/wp-json\/wp\/v2\/media?parent=607"}],"curies":[{"name":"wp","href":"https:\/\/api.w.org\/{rel}","templated":true}]}}